{"id":3541,"date":"2020-05-21T13:11:56","date_gmt":"2020-05-21T10:11:56","guid":{"rendered":"https:\/\/serifos.gr\/?page_id=3541"},"modified":"2020-05-26T23:13:55","modified_gmt":"2020-05-26T20:13:55","slug":"prosvasi","status":"publish","type":"page","link":"https:\/\/serifos.gr\/fr\/prosvasi\/","title":{"rendered":"Acc\u00e8s \u00e0 l'\u00eele"},"content":{"rendered":"<div class=\"vc_row wpb_row vc_row-fluid vc_custom_1504862340934\" ><div class=\"wpb_column vc_column_container vc_col-sm-12\"><div class=\"vc_column-inner\"><div class=\"wpb_wrapper\"><div class=\"qodef-elements-holder   qodef-one-column  qodef-responsive-mode-768\" ><div class=\"qodef-eh-item\"  data-item-class=\"qodef-eh-custom-8130\" data-1024-1280=\"0 42% 0 0\" data-768-1024=\"0 15% 0 0\" data-680-768=\"0 0\" data-680=\"0 0\">\n\t<div class=\"qodef-eh-item-inner\">\n\t\t<div class=\"qodef-eh-item-content qodef-eh-custom-8130\" style=\"padding: 0 50% 0 0\">\n\t\t\t<div class=\"qodef-section-title-holder  qodef-st-standard qodef-st-title-left qodef-st-normal-space qodef-st-disable-title-break qodef-st-with-border\" style=\"text-align: left\">\n\t<div class=\"qodef-st-inner\">\n\t\t\t\t\t<h2 class=\"qodef-st-title\" >\n\t\t\t\tVoyage <span class=\"qodef-st-title-bold\">de<\/span> et <span class=\"qodef-st-title-bold\">vers<\/span> l'\u00eele de <span class=\"qodef-st-title-bold\">Serifos<\/span>\t\t\t<\/h2>\n\t\t\t\t\t<\/div>\n<\/div>\t\t<\/div>\n\t<\/div>\n\t<\/div><\/div><\/div><\/div><\/div><\/div><div class=\"vc_row wpb_row vc_row-fluid\" ><div class=\"wpb_column vc_column_container vc_col-sm-6\"><div class=\"vc_column-inner\"><div class=\"wpb_wrapper\">\n\t<div class=\"wpb_text_column wpb_content_element\" >\n\t\t<div class=\"wpb_wrapper\">\n\t\t\t<p style=\"text-align: justify;\">Situ\u00e9e dans les Cyclades d\u2019ouest, entre les \u00eeles de Kythnos et Sifnos , Serifos se trouve \u00e0 environ 72  miles nautiques du port du Pir\u00e9e<\/p>\n<p style=\"text-align: justify;\">Serifos est facilement accessible depuis le plus grand port du pays  tout au long de l'ann\u00e9e . Pendant la saison estivale  elle est reli\u00e9e quotidiennement au Pir\u00e9e soit par des ferries conventionnels (4,5 \u00e0 5 heures avec arr\u00eat sur l\u2019 \u00eele de Kytnos) soit par des ferries \u00e0 grande vitesse (2,5 \u00e0 3 heures- voyage direct sans arr\u00eats )<\/p>\n<p style=\"text-align: justify;\">En plus,pendant toute l'ann\u00e9e,  des ferries locaux relient l'\u00eele de Serifos et d'autres \u00eeles des Cyclades  comme  Kythnos, Sifnos, Milos, Kimolos, Folegandros, Sikinos, Ios, Santorin, Paros, Naxos,  Tinos, Syros et K\u00e9a.<\/p>\n<p style=\"text-align: justify;\">Pour obtenir plus d'informations sur l'organisation de votre voyage et l'\u00e9mission de vos billets de ferry  vous pouvez contacter les agences de voyages de l'\u00eele.<\/p>\n\n\t\t<\/div>\n\t<\/div>\n<div class=\"vc_empty_space\"   style=\"height: 60px\"><span class=\"vc_empty_space_inner\"><\/span><\/div><\/div><\/div><\/div><div class=\"wpb_column vc_column_container vc_col-sm-6\"><div class=\"vc_column-inner\"><div class=\"wpb_wrapper\"><div class=\"wpb_gmaps_widget wpb_content_element\"><div class=\"wpb_wrapper\"><div class=\"wpb_map_wraper\"><iframe loading=\"lazy\" src=\"https:\/\/www.google.com\/maps\/embed?pb=!1m18!1m12!1m3!1d203399.20088619593!2d24.371138129872985!3d37.197556927883326!2m3!1f0!2f0!3f0!3m2!1i1024!2i768!4f13.1!3m3!1m2!1s0x1498bd6dd316dfb1%3A0x7e391153af2cbd06!2zzqPOrc-BzrnPhs6_z4IgODQwIDA1!5e0!3m2!1sel!2sgr!4v1590055881610!5m2!1sel!2sgr\" width=\"500\" height=\"370\" frameborder=\"0\" style=\"border:0;\" allowfullscreen=\"\" aria-hidden=\"false\" tabindex=\"0\"><\/iframe><\/div><\/div><\/div><\/div><\/div><\/div><\/div><div class=\"vc_row wpb_row vc_row-fluid\" ><div class=\"wpb_column vc_column_container vc_col-sm-3\"><div class=\"vc_column-inner\"><div class=\"wpb_wrapper\"><div class=\"vc_icon_element vc_icon_element-outer vc_icon_element-align-right vc_icon_element-have-style\"><div class=\"vc_icon_element-inner vc_icon_element-color-custom vc_icon_element-have-style-inner vc_icon_element-size-md vc_icon_element-style-rounded vc_icon_element-background vc_icon_element-background-color-grey\" ><span class=\"vc_icon_element-icon fa fa-ship\" style=\"color:#4c96d7 !important\"><\/span><\/div><\/div><\/div><\/div><\/div><div class=\"wpb_column vc_column_container vc_col-sm-9\"><div class=\"vc_column-inner\"><div class=\"wpb_wrapper\"><h3 style=\"text-align: left\" class=\"vc_custom_heading\" >AGENCES DE VOYAGES DE SERIFOS<\/h3><div class=\"vc_empty_space\"   style=\"height: 30px\"><span class=\"vc_empty_space_inner\"><\/span><\/div><\/div><\/div><\/div><\/div><div class=\"vc_row wpb_row vc_row-fluid\" ><div class=\"wpb_column vc_column_container vc_col-sm-6 vc_hidden-md vc_hidden-sm vc_hidden-xs\"><div class=\"vc_column-inner\"><div class=\"wpb_wrapper\"><div class=\"vc-hoverbox-wrapper  vc-hoverbox-shape--round vc-hoverbox-align--center vc-hoverbox-direction--default vc-hoverbox-width--60\"  ontouchstart=\"\">\n  <div class=\"vc-hoverbox\">\n    <div class=\"vc-hoverbox-inner\">\n      <div class=\"vc-hoverbox-block vc-hoverbox-front\" style=\"background-image: url(https:\/\/serifos.gr\/wp-content\/uploads\/2020\/05\/kondilis-logo.jpg);\">\n        <div class=\"vc-hoverbox-block-inner vc-hoverbox-front-inner\">\n            \n        <\/div>\n      <\/div>\n      <div class=\"vc-hoverbox-block vc-hoverbox-back\" style=\"background-color: #ebebeb;\">\n        <div class=\"vc-hoverbox-block-inner vc-hoverbox-back-inner\">\n            <h2 style=\"text-align:center\">KONDILIS SHIPPING &amp; TOURISM<\/h2>\n            <p>Livadi, Isle of Serifos<br \/>\nGR84005 Serifos, Greece<\/p>\n<p>Tel: +30 22810 52340 &amp; 52135<br \/>\nFax: +30 22810 52235<\/p>\n<p>E-mail: <a href=\"mailto:kondilisagency@gmail.com\">kondilisagency@gmail.com<\/a><br \/>\nWeb: <a href=\"http:\/\/kondilis.gr\/el\/home-page\">www.kondilis.gr<\/a><br \/>\nFacebook: <a href=\"http:\/\/www.facebook.com\/ KondilisAgency\/\">www.facebook.com\/ KondilisAgency\/<\/a><\/p>\n\n            \n        <\/div>\n      <\/div>\n    <\/div>\n  <\/div>\n<\/div><div class=\"vc_empty_space\"   style=\"height: 30px\"><span class=\"vc_empty_space_inner\"><\/span><\/div><\/div><\/div><\/div><div class=\"wpb_column vc_column_container vc_col-sm-6 vc_hidden-md vc_hidden-sm vc_hidden-xs\"><div class=\"vc_column-inner\"><div class=\"wpb_wrapper\"><div class=\"vc-hoverbox-wrapper  vc-hoverbox-shape--round vc-hoverbox-align--center vc-hoverbox-direction--default vc-hoverbox-width--60\"  ontouchstart=\"\">\n  <div class=\"vc-hoverbox\">\n    <div class=\"vc-hoverbox-inner\">\n      <div class=\"vc-hoverbox-block vc-hoverbox-front\" style=\"background-image: url(https:\/\/serifos.gr\/wp-content\/uploads\/2020\/05\/serifos-tours-logo.jpg);\">\n        <div class=\"vc-hoverbox-block-inner vc-hoverbox-front-inner\">\n            \n        <\/div>\n      <\/div>\n      <div class=\"vc-hoverbox-block vc-hoverbox-back\" style=\"background-color: #ebebeb;\">\n        <div class=\"vc-hoverbox-block-inner vc-hoverbox-back-inner\">\n            <h2 style=\"text-align:center\">Serifos Tours<\/h2>\n            <p>\u03a3\u03c4\u03bf\u03b9\u03c7\u03b5\u03af\u03b1 \u0393\u03c1\u03b1\u03c6\u03b5\u03af\u03bf\u03c5 \u0393\u03b5\u03bd\u03b9\u03ba\u03bf\u03cd \u03a4\u03bf\u03c5\u03c1\u03b9\u03c3\u03bc\u03bf\u03cd:<\/p>\n<p>Tel: +30 22810 51463<br \/>\nFax: +30 22810 51466<\/p>\n<p>E-mail: <a href=\"mailto:info@serifostours.gr\">info@serifostours.gr<\/a><br \/>\nWeb: <a href=\"http:\/\/www.serifostours.gr\">www.serifostours.gr<\/a><br \/>\nFacebook: <a href=\"https:\/\/www.facebook.com\/serifostours\/\">www.facebook.com\/serifostours\/<\/a><\/p>\n\n            \n        <\/div>\n      <\/div>\n    <\/div>\n  <\/div>\n<\/div><div class=\"vc_empty_space\"   style=\"height: 30px\"><span class=\"vc_empty_space_inner\"><\/span><\/div><\/div><\/div><\/div><\/div><div class=\"vc_row wpb_row vc_row-fluid\" ><div class=\"wpb_column vc_column_container vc_col-sm-6 vc_hidden-lg\"><div class=\"vc_column-inner\"><div class=\"wpb_wrapper\"><div class=\"vc_message_box vc_message_box-standard vc_message_box-rounded vc_color-info\" ><div class=\"vc_message_box-icon\"><i class=\"fa fa-info-circle\"><\/i><\/div><p style=\"text-align: left;\">KONDILIS SHIPPING &amp; TOURISM<\/p>\n<p style=\"text-align: left;\">Livadi, Isle of Serifos<br \/>\nGR84005 Serifos, Greece<\/p>\n<p style=\"text-align: left;\">Tel: +30 22810 52340 &amp; 52135<br \/>\nFax: +30 22810 52235<\/p>\n<p style=\"text-align: left;\">E-mail: <a href=\"mailto:kondilisagency@gmail.com\">kondilisagency@gmail.com<\/a><br \/>\nWeb: <a href=\"http:\/\/kondilis.gr\/el\/home-page\">www.kondilis.gr<\/a><br \/>\nFacebook: <a href=\"http:\/\/www.facebook.com\/ KondilisAgency\/\">www.facebook.com\/ KondilisAgency\/<\/a><\/p>\n<\/div><\/div><\/div><\/div><div class=\"wpb_column vc_column_container vc_col-sm-6 vc_hidden-lg\"><div class=\"vc_column-inner\"><div class=\"wpb_wrapper\"><div class=\"vc_message_box vc_message_box-standard vc_message_box-rounded vc_color-info\" ><div class=\"vc_message_box-icon\"><i class=\"fa fa-info-circle\"><\/i><\/div><p>Serifos Tours<\/p>\n<p>\u03a3\u03c4\u03bf\u03b9\u03c7\u03b5\u03af\u03b1 \u0393\u03c1\u03b1\u03c6\u03b5\u03af\u03bf\u03c5 \u0393\u03b5\u03bd\u03b9\u03ba\u03bf\u03cd \u03a4\u03bf\u03c5\u03c1\u03b9\u03c3\u03bc\u03bf\u03cd:<\/p>\n<p>Tel: +30 22810 51463<br \/>\nFax: +30 22810 51466<\/p>\n<p>E-mail: <a href=\"mailto:info@serifostours.gr\">info@serifostours.gr<\/a><br \/>\nWeb: <a href=\"http:\/\/www.serifostours.gr\">www.serifostours.gr<\/a><br \/>\nFacebook: <a href=\"https:\/\/www.facebook.com\/serifostours\/\">www.facebook.com\/serifostours\/<\/a><\/p>\n<\/div><\/div><\/div><\/div><\/div>","protected":false},"excerpt":{"rendered":"\u03a4\u03b1\u03be\u03b9\u03b4\u03ad\u03c8\u03c4\u03b5 \u03b1\u03c0\u03cc \u03ba\u03b1\u03b9 \u03c0\u03c1\u03bf\u03c2 \u03c4\u03b7\u03bd \u03a3\u03ad\u03c1\u03b9\u03c6\u03bf \u0397 \u03a3\u03ad\u03c1\u03b9\u03c6\u03bf\u03c2 \u03b2\u03c1\u03af\u03c3\u03ba\u03b5\u03c4\u03b1\u03b9 \u03c3\u03c4\u03b9\u03c2 \u0394\u03c5\u03c4\u03b9\u03ba\u03ad\u03c2 \u039a\u03c5\u03ba\u03bb\u03ac\u03b4\u03b5\u03c2, \u03b1\u03c0\u03ad\u03c7\u03bf\u03bd\u03c4\u03b1\u03c2 \u03c0\u03b5\u03c1\u03af\u03c0\u03bf\u03c5 72 \u03bd\u03b1\u03c5\u03c4\u03b9\u03ba\u03ac \u03bc\u03af\u03bb\u03b9\u03b1 \u03b1\u03c0\u2019 \u03c4\u03bf \u03bb\u03b9\u03bc\u03ac\u03bd\u03b9 \u03c4\u03bf\u03c5 \u03a0\u03b5\u03b9\u03c1\u03b1\u03b9\u03ac \u03ba\u03b1\u03b9 \u03b2\u03c1\u03af\u03c3\u03ba\u03b5\u03c4\u03b1\u03b9 \u03b1\u03bd\u03ac\u03bc\u03b5\u03c3\u03b1 \u03c3\u03c4\u03b1 \u03bd\u03b7\u03c3\u03b9\u03ac \u03c4\u03b7\u03c2 \u039a\u03cd\u03b8\u03bd\u03bf\u03c5 \u03ba\u03b1\u03b9 \u03c4\u03b7\u03c2 \u03a3\u03af\u03c6\u03bd\u03bf\u03c5. \u0397 \u03a3\u03ad\u03c1\u03b9\u03c6\u03bf\u03c2 \u03ad\u03c7\u03b5\u03b9 \u03b5\u03cd\u03ba\u03bf\u03bb\u03b7 \u03c0\u03c1\u03cc\u03c3\u03b2\u03b1\u03c3\u03b7 \u03b1\u03c0\u2019 \u03c4\u03bf \u03bc\u03b5\u03b3\u03b1\u03bb\u03cd\u03c4\u03b5\u03c1\u03bf \u03bb\u03b9\u03bc\u03ac\u03bd\u03b9 \u03c4\u03b7\u03c2 \u03c7\u03ce\u03c1\u03b1\u03c2, \u03ba\u03b1\u03b8\u2019 \u03cc\u03bb\u03b7\u03bd \u03c4\u03b7 \u03b4\u03b9\u03ac\u03c1\u03ba\u03b5\u03b9\u03b1 \u03c4\u03bf\u03c5 \u03c7\u03c1\u03cc\u03bd\u03bf\u03c5. \u039a\u03b1\u03c4\u03ac \u03c4\u03b7 \u03b8\u03b5\u03c1\u03b9\u03bd\u03ae \u03c0\u03b5\u03c1\u03af\u03bf\u03b4\u03bf \u03c3\u03c5\u03bd\u03b4\u03ad\u03b5\u03c4\u03b1\u03b9 [...]","protected":false},"author":1,"featured_media":0,"parent":0,"menu_order":0,"comment_status":"closed","ping_status":"closed","template":"","meta":{"_monsterinsights_skip_tracking":false,"_monsterinsights_sitenote_active":false,"_monsterinsights_sitenote_note":"","_monsterinsights_sitenote_category":0,"footnotes":"","_links_to":"","_links_to_target":""},"class_list":["post-3541","page","type-page","status-publish","hentry"],"aioseo_notices":[],"_links":{"self":[{"href":"https:\/\/serifos.gr\/fr\/wp-json\/wp\/v2\/pages\/3541","targetHints":{"allow":["GET"]}}],"collection":[{"href":"https:\/\/serifos.gr\/fr\/wp-json\/wp\/v2\/pages"}],"about":[{"href":"https:\/\/serifos.gr\/fr\/wp-json\/wp\/v2\/types\/page"}],"author":[{"embeddable":true,"href":"https:\/\/serifos.gr\/fr\/wp-json\/wp\/v2\/users\/1"}],"replies":[{"embeddable":true,"href":"https:\/\/serifos.gr\/fr\/wp-json\/wp\/v2\/comments?post=3541"}],"version-history":[{"count":0,"href":"https:\/\/serifos.gr\/fr\/wp-json\/wp\/v2\/pages\/3541\/revisions"}],"wp:attachment":[{"href":"https:\/\/serifos.gr\/fr\/wp-json\/wp\/v2\/media?parent=3541"}],"curies":[{"name":"wp","href":"https:\/\/api.w.org\/{rel}","templated":true}]}}