{"id":3069,"date":"2020-05-07T19:49:50","date_gmt":"2020-05-07T16:49:50","guid":{"rendered":"https:\/\/serifos.gr\/?page_id=3069"},"modified":"2020-05-08T17:10:03","modified_gmt":"2020-05-08T14:10:03","slug":"leivadakia","status":"publish","type":"page","link":"https:\/\/serifos.gr\/fr\/leivadakia\/","title":{"rendered":"Livadakia"},"content":{"rendered":"<div class=\"vc_row wpb_row vc_row-fluid\" ><div class=\"wpb_column vc_column_container vc_col-sm-12\"><div class=\"vc_column-inner\"><div class=\"wpb_wrapper\"><div class=\"qodef-vertical-split-slider qodef-vss-dots-disabled\"><div class=\"qodef-vss-ms-left\"><div class=\"qodef-vss-ms-section\"  style=\"text-align: left\">\n\t<div class=\"qodef-elements-holder   qodef-one-column  qodef-responsive-mode-768\" ><div class=\"qodef-eh-item\"  data-item-class=\"qodef-eh-custom-6205\" data-1280-1600=\"0 0 0 8%\" data-1024-1280=\"0 0 0 10%\" data-768-1024=\"27% 18% 0 23%\" data-680-768=\"50% 16% 0 20%\" data-680=\"30% 0 40% 7%\">\n\t<div class=\"qodef-eh-item-inner\">\n\t\t<div class=\"qodef-eh-item-content qodef-eh-custom-6205\" style=\"padding: 0 0 0 23%\">\n\t\t\t<div class=\"vc_empty_space\"   style=\"height: 45px\"><span class=\"vc_empty_space_inner\"><\/span><\/div><h3 class=\"qodef-custom-font-holder  qodef-cf-3245  qodef-standard\" style=\"color: #000000\" data-item-class=\"qodef-cf-3245\" data-font-size-1280=\"50px\" data-font-size-1024=\"45px\" data-font-size-768=\"45px\" data-font-size-680=\"40px\" data-line-height-1280=\"57px\" data-line-height-1024=\"52px\" data-line-height-768=\"52px\" data-line-height-680=\"47px\">\n\t\t\t<strong>Livadakia<\/strong>\t<\/h3>\n\t<div class=\"wpb_text_column wpb_content_element  vc_custom_1588947000812 change-color\" >\n\t\t<div class=\"wpb_wrapper\">\n\t\t\t<p>La plage de Livadakia est situ\u00e9e juste \u00e0 c\u00f4t\u00e9 du port, en dessous de la colonie du m\u00eame nom sur le c\u00f4t\u00e9 sud de l'\u00eele. Vous pouvez facilement aller \u00e0 la plage, m\u00eame \u00e0 pied depuis Livadi, en montant les marches \u00e0 c\u00f4t\u00e9 de l'Office de Tourisme au port. \u00c0 Livadakia, il y a le seul camping organis\u00e9 de l'\u00eele.<\/p>\n<p>Sur la plage de sable dor\u00e9 il y a de nombreux tamaris qui offrent de l'ombre tandis qu'il y a quelques transats et parasols \u00e0 deux endroits. A c\u00f4t\u00e9 de Livadakia, sur la droite, derri\u00e8re les rochers, se trouve la plage Karavi qui peut offrir calme et tranquillit\u00e9 au visiteur qui la choisira.<\/p>\n<p><img loading=\"lazy\" decoding=\"async\" class=\"alignnone size-full wp-image-2923\" src=\"https:\/\/serifos.gr\/wp-content\/uploads\/2020\/05\/car.png\" alt=\"\" width=\"23\" height=\"31\" \/> \u00a0\u03a0\u03c1\u03cc\u03c3\u03b2\u03b1\u03c3\u03b7: \u039f\u03b4\u03b9\u03ba\u03ce\u03c2, \u03bc\u03b5 \u03c4\u03b1 \u03c0\u03cc\u03b4\u03b9\u03b1<\/p>\n<p><img loading=\"lazy\" decoding=\"async\" class=\"alignnone size-full wp-image-2924\" src=\"https:\/\/serifos.gr\/wp-content\/uploads\/2020\/05\/tips.png\" alt=\"\" width=\"26\" height=\"30\" \/>\u00a0 Conseils : Il y a des coins repas.<br \/>\n<iframe loading=\"lazy\" style=\"border: 0;\" tabindex=\"0\" src=\"https:\/\/www.google.com\/maps\/embed?pb=!1m18!1m12!1m3!1d1590.2910611715772!2d24.51306019322594!3d37.13885561515516!2m3!1f0!2f0!3f0!3m2!1i1024!2i768!4f13.1!3m3!1m2!1s0x0%3A0x8861f32de6e8f429!2zzpvOuc6yzrHOtM6szrrOuc6xIM-AzrHPgc6xzrvOr86x!5e0!3m2!1sel!2sgr!4v1588946992781!5m2!1sel!2sgr\" width=\"400\" height=\"300\" frameborder=\"0\" allowfullscreen=\"allowfullscreen\" aria-hidden=\"false\"><\/iframe><\/p>\n\n\t\t<\/div>\n\t<\/div>\n\t\t<\/div>\n\t<\/div>\n\t<\/div><\/div><\/div><\/div><div class=\"qodef-vss-ms-right\"><div class=\"qodef-vss-ms-section\"  style=\"text-align: left\">\n\t\n<div class=\"vc_grid-container-wrapper vc_clearfix\">\n\t<div class=\"vc_grid-container vc_clearfix wpb_content_element vc_masonry_media_grid\" data-initial-loading-animation=\"zoomIn\" data-vc-grid-settings=\"{&quot;page_id&quot;:3069,&quot;style&quot;:&quot;all-masonry&quot;,&quot;action&quot;:&quot;vc_get_vc_grid_data&quot;,&quot;shortcode_id&quot;:&quot;1588944668951-726fa081-1f64-7&quot;,&quot;tag&quot;:&quot;vc_masonry_media_grid&quot;}\" data-vc-request=\"https:\/\/serifos.gr\/wp-admin\/admin-ajax.php\" data-vc-post-id=\"3069\" data-vc-public-nonce=\"b607c947aa\">\n\t\t\n\t<\/div>\n<\/div><\/div><\/div><div class=\"qodef-vss-horizontal-mask\"><\/div><div class=\"qodef-vss-vertical-mask\"><\/div><div class=\"qodef-vss-pagination\"><span class=\"qodef-vss-pagination-current\"><\/span> \/ <span class=\"qodef-vss-pagination-max\"><\/span><\/div><\/div><\/div><\/div><\/div><\/div>","protected":false},"excerpt":{"rendered":"\u039b\u03b9\u03b2\u03b1\u03b4\u03ac\u03ba\u03b9\u03b1 \u03a4\u03b1 \u039b\u03b9\u03b2\u03b1\u03b4\u03ac\u03ba\u03b9\u03b1, \u03b2\u03c1\u03af\u03c3\u03ba\u03bf\u03bd\u03c4\u03b1\u03b9 \u03b1\u03ba\u03c1\u03b9\u03b2\u03ce\u03c2 \u03b4\u03af\u03c0\u03bb\u03b1 \u03b1\u03c0\u2019 \u03c4\u03bf \u03bb\u03b9\u03bc\u03ac\u03bd\u03b9, \u03ba\u03ac\u03c4\u03c9 \u03b1\u03c0\u03cc \u03c4\u03bf\u03bd \u03bf\u03bc\u03ce\u03bd\u03c5\u03bc\u03bf \u03bf\u03b9\u03ba\u03b9\u03c3\u03bc\u03cc \u03c0\u03c1\u03bf\u03c2 \u03c4\u03b7 \u03bd\u03cc\u03c4\u03b9\u03b1 \u03c0\u03bb\u03b5\u03c5\u03c1\u03ac \u03c4\u03bf\u03c5 \u03bd\u03b7\u03c3\u03b9\u03bf\u03cd. \u03a0\u03b7\u03b3\u03b1\u03af\u03bd\u03b5\u03b9 \u03ba\u03b1\u03bd\u03b5\u03af\u03c2 \u03b5\u03cd\u03ba\u03bf\u03bb\u03b1 \u03c3\u03c4\u03b7\u03bd \u03c0\u03b1\u03c1\u03b1\u03bb\u03af\u03b1, \u03b1\u03ba\u03cc\u03bc\u03b1 \u03ba\u03b1\u03b9 \u03bc\u03b5 \u03c4\u03b1 \u03c0\u03bf\u03b4\u03b9\u03ac \u03b1\u03c0\u03cc \u03c4\u03bf \u039b\u03b9\u03b2\u03ac\u03b4\u03b9, \u03b1\u03bd\u03b5\u03b2\u03b1\u03af\u03bd\u03bf\u03bd\u03c4\u03b1\u03c2 \u03c4\u03b1 \u03c3\u03ba\u03b1\u03bb\u03ac\u03ba\u03b9\u03b1 \u03b4\u03af\u03c0\u03bb\u03b1 \u03b1\u03c0\u03cc \u03c4\u03bf \u03a4\u03bf\u03c5\u03c1\u03b9\u03c3\u03c4\u03b9\u03ba\u03cc \u0393\u03c1\u03b1\u03c6\u03b5\u03af\u03bf \u03a0\u03bb\u03b7\u03c1\u03bf\u03c6\u03bf\u03c1\u03b9\u03ce\u03bd \u03c3\u03c4\u03bf \u03bb\u03b9\u03bc\u03ac\u03bd\u03b9. \u03a3\u03c4\u03b1 \u039b\u03b9\u03b2\u03b1\u03b4\u03ac\u03ba\u03b9\u03b1 \u03c5\u03c0\u03ac\u03c1\u03c7\u03b5\u03b9 \u03ba\u03b1\u03b9 \u03c4\u03bf \u03bc\u03bf\u03bd\u03b1\u03b4\u03b9\u03ba\u03cc \u03bf\u03c1\u03b3\u03b1\u03bd\u03c9\u03bc\u03ad\u03bd\u03bf \u03ba\u03ac\u03bc\u03c0\u03b9\u03bd\u03b3\u03ba \u03c4\u03bf\u03c5 \u03bd\u03b7\u03c3\u03b9\u03bf\u03cd. [...]","protected":false},"author":1,"featured_media":0,"parent":0,"menu_order":0,"comment_status":"closed","ping_status":"closed","template":"full-width.php","meta":{"_monsterinsights_skip_tracking":false,"_monsterinsights_sitenote_active":false,"_monsterinsights_sitenote_note":"","_monsterinsights_sitenote_category":0,"footnotes":"","_links_to":"","_links_to_target":""},"class_list":["post-3069","page","type-page","status-publish","hentry"],"aioseo_notices":[],"_links":{"self":[{"href":"https:\/\/serifos.gr\/fr\/wp-json\/wp\/v2\/pages\/3069","targetHints":{"allow":["GET"]}}],"collection":[{"href":"https:\/\/serifos.gr\/fr\/wp-json\/wp\/v2\/pages"}],"about":[{"href":"https:\/\/serifos.gr\/fr\/wp-json\/wp\/v2\/types\/page"}],"author":[{"embeddable":true,"href":"https:\/\/serifos.gr\/fr\/wp-json\/wp\/v2\/users\/1"}],"replies":[{"embeddable":true,"href":"https:\/\/serifos.gr\/fr\/wp-json\/wp\/v2\/comments?post=3069"}],"version-history":[{"count":0,"href":"https:\/\/serifos.gr\/fr\/wp-json\/wp\/v2\/pages\/3069\/revisions"}],"wp:attachment":[{"href":"https:\/\/serifos.gr\/fr\/wp-json\/wp\/v2\/media?parent=3069"}],"curies":[{"name":"wp","href":"https:\/\/api.w.org\/{rel}","templated":true}]}}