{"id":3022,"date":"2020-05-07T18:55:06","date_gmt":"2020-05-07T15:55:06","guid":{"rendered":"https:\/\/serifos.gr\/?page_id=3022"},"modified":"2020-05-08T17:06:00","modified_gmt":"2020-05-08T14:06:00","slug":"mega-livadi","status":"publish","type":"page","link":"https:\/\/serifos.gr\/fr\/mega-livadi\/","title":{"rendered":"Mega Livadi"},"content":{"rendered":"<div class=\"vc_row wpb_row vc_row-fluid\" ><div class=\"wpb_column vc_column_container vc_col-sm-12\"><div class=\"vc_column-inner\"><div class=\"wpb_wrapper\"><div class=\"qodef-vertical-split-slider qodef-vss-dots-disabled\"><div class=\"qodef-vss-ms-left\"><div class=\"qodef-vss-ms-section\"  style=\"text-align: left\">\n\t<div class=\"qodef-elements-holder   qodef-one-column  qodef-responsive-mode-768\" ><div class=\"qodef-eh-item\"  data-item-class=\"qodef-eh-custom-2426\" data-1280-1600=\"0 0 0 8%\" data-1024-1280=\"0 0 0 10%\" data-768-1024=\"27% 18% 0 23%\" data-680-768=\"50% 16% 0 20%\" data-680=\"30% 0 40% 7%\">\n\t<div class=\"qodef-eh-item-inner\">\n\t\t<div class=\"qodef-eh-item-content qodef-eh-custom-2426\" style=\"padding: 0 0 0 23%\">\n\t\t\t<div class=\"vc_empty_space\"   style=\"height: 45px\"><span class=\"vc_empty_space_inner\"><\/span><\/div><h3 class=\"qodef-custom-font-holder  qodef-cf-5544  qodef-standard\" style=\"color: #000000\" data-item-class=\"qodef-cf-5544\" data-font-size-1280=\"50px\" data-font-size-1024=\"45px\" data-font-size-768=\"45px\" data-font-size-680=\"40px\" data-line-height-1280=\"57px\" data-line-height-1024=\"52px\" data-line-height-768=\"52px\" data-line-height-680=\"47px\">\n\t\t\t<strong>Mega Livadi<\/strong>\t<\/h3>\n\t<div class=\"wpb_text_column wpb_content_element  vc_custom_1588946754381 change-color\" >\n\t\t<div class=\"wpb_wrapper\">\n\t\t\t<p>Mega Livadi est situ\u00e9 sur le c\u00f4t\u00e9 sud-ouest de Serifos  o\u00f9  'histoire moderne de l'\u00eele prend vie avec les mines et la lutte des travailleurs pour la journ\u00e9e de  huit heures, en 1916. Petite plage sans vent avec des tavernes traditionnelles sur la plage et un coucher de soleil qui envo\u00fbte les visiteurs. Le sable a une couleur sombre en raison de la couleur du minerai qui etait extrait des entrailles de Serifos.<\/p>\n<p>Autour de la plage vous verrez les wagons, le si\u00e8ge des mines, les rails de d\u00e9filement, les points d'extraction et bien s\u00fbr l'\u00e9chelle de chargement qui survit \u00e0 ce jour et constitue l'embl\u00e8me de l'\u00eele. Toutes ces images composent un d\u00e9cor s\u00e9duisant.<\/p>\n<p><img loading=\"lazy\" decoding=\"async\" class=\"alignnone size-full wp-image-2923\" src=\"https:\/\/serifos.gr\/wp-content\/uploads\/2020\/05\/car.png\" alt=\"\" width=\"23\" height=\"31\" \/> \u00a0Acc\u00e8s : Par la route, par bateau.<\/p>\n<p><img loading=\"lazy\" decoding=\"async\" class=\"alignnone size-full wp-image-2924\" src=\"https:\/\/serifos.gr\/wp-content\/uploads\/2020\/05\/tips.png\" alt=\"\" width=\"26\" height=\"30\" \/>\u00a0 Conseils : Il y a une taverne traditionnelle juste avant la plage.<\/p>\n<p><iframe loading=\"lazy\" style=\"border: 0;\" tabindex=\"0\" src=\"https:\/\/www.google.com\/maps\/embed?pb=!1m18!1m12!1m3!1d198.78211923094653!2d24.43149731420739!3d37.1404781080374!2m3!1f0!2f0!3f0!3m2!1i1024!2i768!4f13.1!3m3!1m2!1s0x1498bc7504c73569%3A0x43683a06dcce0cd4!2zzqDOsc-BzrHOu86vzrEgzrzOtc6zzqzOu86_IM6bzrnOss6szrTOuQ!5e0!3m2!1sel!2sgr!4v1588946743334!5m2!1sel!2sgr\" width=\"400\" height=\"300\" frameborder=\"0\" allowfullscreen=\"allowfullscreen\" aria-hidden=\"false\"><\/iframe><\/p>\n\n\t\t<\/div>\n\t<\/div>\n\t\t<\/div>\n\t<\/div>\n\t<\/div><\/div><\/div><\/div><div class=\"qodef-vss-ms-right\"><div class=\"qodef-vss-ms-section\"  style=\"text-align: left\">\n\t\n<div class=\"vc_grid-container-wrapper vc_clearfix\">\n\t<div class=\"vc_grid-container vc_clearfix wpb_content_element vc_masonry_media_grid\" data-initial-loading-animation=\"zoomIn\" data-vc-grid-settings=\"{&quot;page_id&quot;:3022,&quot;style&quot;:&quot;all-masonry&quot;,&quot;action&quot;:&quot;vc_get_vc_grid_data&quot;,&quot;shortcode_id&quot;:&quot;1588944658508-7106c482-9480-5&quot;,&quot;tag&quot;:&quot;vc_masonry_media_grid&quot;}\" data-vc-request=\"https:\/\/serifos.gr\/wp-admin\/admin-ajax.php\" data-vc-post-id=\"3022\" data-vc-public-nonce=\"3b2b702100\">\n\t\t\n\t<\/div>\n<\/div><\/div><\/div><div class=\"qodef-vss-horizontal-mask\"><\/div><div class=\"qodef-vss-vertical-mask\"><\/div><div class=\"qodef-vss-pagination\"><span class=\"qodef-vss-pagination-current\"><\/span> \/ <span class=\"qodef-vss-pagination-max\"><\/span><\/div><\/div><\/div><\/div><\/div><\/div>","protected":false},"excerpt":{"rendered":"\u039c\u03ad\u03b3\u03b1 \u039b\u03b9\u03b2\u03ac\u03b4\u03b9 \u03a4\u03bf \u039c\u03ad\u03b3\u03b1 \u039b\u03b9\u03b2\u03ac\u03b4\u03b9, \u03b2\u03c1\u03af\u03c3\u03ba\u03b5\u03c4\u03b1\u03b9 \u03c3\u03c4\u03b7 \u039d\u03bf\u03c4\u03b9\u03bf\u03b4\u03c5\u03c4\u03b9\u03ba\u03ae \u03c0\u03bb\u03b5\u03c5\u03c1\u03ac \u03c4\u03b7\u03c2 \u03a3\u03b5\u03c1\u03af\u03c6\u03bf\u03c5 \u03ba\u03b1\u03b9 \u03b5\u03ba\u03b5\u03af \u03b6\u03c9\u03bd\u03c4\u03b1\u03bd\u03b5\u03cd\u03b5\u03b9 \u03b7 \u03bd\u03b5\u03cc\u03c4\u03b5\u03c1\u03b7 \u03b9\u03c3\u03c4\u03bf\u03c1\u03af\u03b1 \u03c4\u03bf\u03c5 \u03bd\u03b7\u03c3\u03b9\u03bf\u03cd, \u03bc\u03b5 \u03c4\u03b1 \u03bc\u03b5\u03c4\u03b1\u03bb\u03bb\u03b5\u03af\u03b1 \u03ba\u03b1\u03b9 \u03c4\u03bf\u03bd \u03b1\u03b3\u03ce\u03bd\u03b1 \u03c4\u03c9\u03bd \u03b5\u03c1\u03b3\u03b1\u03c4\u03ce\u03bd \u03b3\u03b9\u03b1 \u03c4\u03bf \u03bf\u03c7\u03c4\u03ac\u03c9\u03c1\u03bf, \u03c4\u03bf 1916. \u0391\u03c0\u03ac\u03bd\u03b5\u03bc\u03b7 \u03c0\u03b1\u03c1\u03b1\u03bb\u03af\u03b1, \u03bc\u03b9\u03ba\u03c1\u03ae \u03bc\u03b5 \u03c0\u03b1\u03c1\u03b1\u03b4\u03bf\u03c3\u03b9\u03b1\u03ba\u03ad\u03c2 \u03c4\u03b1\u03b2\u03ad\u03c1\u03bd\u03b5\u03c2 \u03c0\u03ac\u03bd\u03c9 \u03c3\u03c4\u03bf \u03ba\u03cd\u03bc\u03b1 \u03ba\u03b1\u03b9 \u03bc\u03b5 \u03ad\u03bd\u03b1 \u03b7\u03bb\u03b9\u03bf\u03b2\u03b1\u03c3\u03af\u03bb\u03b5\u03bc\u03b1 \u03c0\u03bf\u03c5 \u03ba\u03b1\u03b8\u03b7\u03bb\u03ce\u03bd\u03b5\u03b9. \u0397 \u03ac\u03bc\u03bc\u03bf\u03c2 \u03ad\u03c7\u03b5\u03b9 \u03ad\u03bd\u03b1 \u03c7\u03c1\u03ce\u03bc\u03b1 \u03c3\u03ba\u03bf\u03cd\u03c1\u03bf \u03b1\u03c0\u03cc\u03c1\u03c1\u03bf\u03b9\u03b1 [...]","protected":false},"author":1,"featured_media":0,"parent":0,"menu_order":0,"comment_status":"closed","ping_status":"closed","template":"full-width.php","meta":{"_monsterinsights_skip_tracking":false,"_monsterinsights_sitenote_active":false,"_monsterinsights_sitenote_note":"","_monsterinsights_sitenote_category":0,"footnotes":"","_links_to":"","_links_to_target":""},"class_list":["post-3022","page","type-page","status-publish","hentry"],"aioseo_notices":[],"_links":{"self":[{"href":"https:\/\/serifos.gr\/fr\/wp-json\/wp\/v2\/pages\/3022","targetHints":{"allow":["GET"]}}],"collection":[{"href":"https:\/\/serifos.gr\/fr\/wp-json\/wp\/v2\/pages"}],"about":[{"href":"https:\/\/serifos.gr\/fr\/wp-json\/wp\/v2\/types\/page"}],"author":[{"embeddable":true,"href":"https:\/\/serifos.gr\/fr\/wp-json\/wp\/v2\/users\/1"}],"replies":[{"embeddable":true,"href":"https:\/\/serifos.gr\/fr\/wp-json\/wp\/v2\/comments?post=3022"}],"version-history":[{"count":0,"href":"https:\/\/serifos.gr\/fr\/wp-json\/wp\/v2\/pages\/3022\/revisions"}],"wp:attachment":[{"href":"https:\/\/serifos.gr\/fr\/wp-json\/wp\/v2\/media?parent=3022"}],"curies":[{"name":"wp","href":"https:\/\/api.w.org\/{rel}","templated":true}]}}