{"id":2770,"date":"2020-04-29T18:19:42","date_gmt":"2020-04-29T15:19:42","guid":{"rendered":"https:\/\/serifos.gr\/?page_id=2770"},"modified":"2024-02-01T19:18:09","modified_gmt":"2024-02-01T16:18:09","slug":"dimotiki-arxi","status":"publish","type":"page","link":"https:\/\/serifos.gr\/fr\/dimotiki-arxi\/","title":{"rendered":"La municipalit\u00e9"},"content":{"rendered":"<div class=\"vc_row wpb_row vc_row-fluid vc_custom_1504862340934\" ><div class=\"wpb_column vc_column_container vc_col-sm-12\"><div class=\"vc_column-inner\"><div class=\"wpb_wrapper\"><div class=\"qodef-elements-holder   qodef-one-column  qodef-responsive-mode-768\" ><div class=\"qodef-eh-item\"  data-item-class=\"qodef-eh-custom-9816\" data-1024-1280=\"0 42% 0 0\" data-768-1024=\"0 15% 0 0\" data-680-768=\"0 0\" data-680=\"0 0\">\n\t<div class=\"qodef-eh-item-inner\">\n\t\t<div class=\"qodef-eh-item-content qodef-eh-custom-9816\" style=\"padding: 0 50% 0 0\">\n\t\t\t<div class=\"qodef-section-title-holder  qodef-st-standard qodef-st-title-left qodef-st-normal-space qodef-st-disable-title-break qodef-st-with-border\" style=\"text-align: left\">\n\t<div class=\"qodef-st-inner\">\n\t\t\t\t\t<h2 class=\"qodef-st-title\" >\n\t\t\t\tCoordonn\u00e9es des membres <span class=\"qodef-st-title-bold\">de l'Autorit\u00e9<\/span> <span class=\"qodef-st-title-bold\">Municipale<\/span>\t\t\t<\/h2>\n\t\t\t\t\t<\/div>\n<\/div>\t\t<\/div>\n\t<\/div>\n\t<\/div><\/div><\/div><\/div><\/div><\/div><div class=\"vc_row wpb_row vc_row-fluid\" ><div class=\"wpb_column vc_column_container vc_col-sm-12\"><div class=\"vc_column-inner\"><div class=\"wpb_wrapper\">\n\t<div class=\"wpb_text_column wpb_content_element\" >\n\t\t<div class=\"wpb_wrapper\">\n\t\t\t<h3><strong>Maire<\/strong><\/h3>\n<p><strong>\u03a1\u03b5\u03b2\u03af\u03bd\u03b8\u03b7\u03c2 \u039a. \u039a\u03c9\u03bd\u03c3\u03c4\u03b1\u03bd\u03c4\u03af\u03bd\u03bf\u03c2<\/strong><\/p>\n<p><strong>N\u00e9:<\/strong> 11\/09\/1991<\/p>\n<p><strong>Dipl\u00f4m\u00e9: <\/strong><\/p>\n<p>D\u00e9partement d'histoire et d'arch\u00e9ologie, Universit\u00e9 nationale et kapodistrienne d'Ath\u00e8nes.<\/p>\n<p>&nbsp;<\/p>\n<h3><strong>Adjoints au Maire<\/strong><\/h3>\n<p><strong>\u039b\u03b9\u03b2\u03ac\u03bd\u03b9\u03bf\u03c2 \u039d. \u03a3\u03c4\u03c5\u03bb\u03b9\u03b1\u03bd\u03cc\u03c2<\/strong><\/p>\n<p><strong>N\u00e9:<\/strong> 30\/09\/1989<\/p>\n<p><strong>Dipl\u00f4m\u00e9: <\/strong><\/p>\n<p>D\u00e9partement d'\u00e9conomie, Universit\u00e9 nationale et kapodistrienne d'Ath\u00e8nes.<\/p>\n<p>MSc. en comptabilit\u00e9 et finance, Universit\u00e9 d'\u00e9conomie et de commerce d'Ath\u00e8nes.<\/p>\n<p>MSc. en strat\u00e9gie \u00e9conomique et commerciale, Universit\u00e9 du Pir\u00e9e.<\/p>\n<p>&nbsp;<\/p>\n<p><strong>Responsabilit\u00e9s:<\/strong><\/p>\n<p>La supervision et la responsabilit\u00e9 des Finances.<\/p>\n<p>Suivi et ex\u00e9cution budg\u00e9taire.<\/p>\n<p>Prendre des mesures pour r\u00e9duire les co\u00fbts.<\/p>\n<p>\u0397 \u03b5\u03c5\u03b8\u03cd\u03bd\u03b7 \u03c4\u03c9\u03bd \u03b8\u03b5\u03bc\u03ac\u03c4\u03c9\u03bd \u03c4\u03bf\u03c5\u03c1\u03b9\u03c3\u03c4\u03b9\u03ba\u03ae\u03c2 \u03b1\u03bd\u03ac\u03c0\u03c4\u03c5\u03be\u03b7\u03c2 \u03ba\u03b1\u03b9 \u03c0\u03c1\u03bf\u03b2\u03bf\u03bb\u03ae\u03c2 \u03c4\u03b7\u03c2 \u03bd\u03ae\u03c3\u03bf\u03c5 \u03a3\u03b5\u03c1\u03af\u03c6\u03bf\u03c5.<\/p>\n<p>La formulation de propositions relatives \u00e0 la mise en place de mesures de modernisation de l'infrastructure informatique.<\/p>\n<p>\u0397 \u03b1\u03bd\u03ac\u03c0\u03c4\u03c5\u03be\u03b7 \u03b4\u03b7\u03bc\u03bf\u03c3\u03af\u03c9\u03bd \u03c3\u03c7\u03ad\u03c3\u03b5\u03c9\u03bd.<\/p>\n<p>\u0397 \u03c4\u03bf\u03c5\u03c1\u03b9\u03c3\u03c4\u03b9\u03ba\u03ae \u03c0\u03c1\u03bf\u03b2\u03bf\u03bb\u03ae \u03ba\u03b1\u03b9 \u03b4\u03b9\u03b1\u03c6\u03ae\u03bc\u03b9\u03c3\u03b7 \u03c4\u03bf\u03c5 \u0394\u03ae\u03bc\u03bf\u03c5 \u03ba\u03b1\u03b9 \u03c4\u03bf\u03c5 \u03bd\u03b7\u03c3\u03b9\u03bf\u03cd.<\/p>\n<p>\u0397 \u03c3\u03c5\u03bc\u03bc\u03b5\u03c4\u03bf\u03c7\u03ae \u03c3\u03b5 \u03c4\u03bf\u03c5\u03c1\u03b9\u03c3\u03c4\u03b9\u03ba\u03ad\u03c2 \u03b5\u03ba\u03b8\u03ad\u03c3\u03b5\u03b9\u03c2.<\/p>\n<p>\u0397 \u03bb\u03b5\u03b9\u03c4\u03bf\u03c5\u03c1\u03b3\u03af\u03b1 \u03c4\u03b7\u03c2 \u03a4\u03bf\u03c5\u03c1\u03b9\u03c3\u03c4\u03b9\u03ba\u03ae\u03c2 \u0395\u03c0\u03b9\u03c4\u03c1\u03bf\u03c0\u03ae\u03c2 \u03c4\u03bf\u03c5 \u0394\u03ae\u03bc\u03bf\u03c5.<\/p>\n<p>&nbsp;<\/p>\n<p><strong>\u039c\u03ac\u03bd\u03b1\u03bb\u03b7 \u0394. \u0392\u03b9\u03ba\u03c4\u03c9\u03c1\u03af\u03b1<br \/>\n<\/strong><\/p>\n<p><strong>\u0393\u03b5\u03bd\u03bd\u03ae\u03b8\u03b7\u03ba\u03b5: 13\/01\/1981<\/strong><\/p>\n<p>\u0391\u03c0\u03cc\u03c6\u03bf\u03b9\u03c4\u03b7:<\/p>\n<p>\u03a4\u03bc\u03ae\u03bc\u03b1\u03c4\u03bf\u03c2 \u03a7\u03b7\u03bc\u03b5\u03af\u03b1\u03c2, \u03a3\u03c7\u03bf\u03bb\u03ae\u03c2 \u0398\u03b5\u03c4\u03b9\u03ba\u03ce\u03bd \u0395\u03c0\u03b9\u03c3\u03c4\u03b7\u03bc\u03ce\u03bd, \u03a0\u03b1\u03bd\u03b5\u03c0\u03b9\u03c3\u03c4\u03b7\u03bc\u03af\u03bf\u03c5 \u03a0\u03b1\u03c4\u03c1\u03ce\u03bd.<\/p>\n<p>&nbsp;<\/p>\n<p><strong>Responsabilit\u00e9s:<\/strong><\/p>\n<p>\u0397 \u03b5\u03cd\u03c1\u03c5\u03b8\u03bc\u03b7 \u03bb\u03b5\u03b9\u03c4\u03bf\u03c5\u03c1\u03b3\u03af\u03b1, \u03b5\u03c0\u03b9\u03c3\u03ba\u03b5\u03c5\u03ae, \u03b1\u03c0\u03bf\u03ba\u03b1\u03c4\u03ac\u03c3\u03c4\u03b1\u03c3\u03b7 \u03ba\u03b1\u03b9 \u03b5\u03c0\u03ad\u03ba\u03c4\u03b1\u03c3\u03b7 \u03c4\u03c9\u03bd \u03b4\u03b9\u03ba\u03c4\u03cd\u03c9\u03bd \u03cd\u03b4\u03c1\u03b5\u03c5\u03c3\u03b7\u03c2 \u03ba\u03b1\u03b9 \u03b1\u03c0\u03bf\u03c7\u03ad\u03c4\u03b5\u03c5\u03c3\u03b7\u03c2.<\/p>\n<p>\u0397 \u03c4\u03b1\u03ba\u03c4\u03b9\u03ba\u03ae \u03ba\u03b1\u03c4\u03b1\u03bc\u03ad\u03c4\u03c1\u03b7\u03c3\u03b7 \u03c4\u03b7\u03c2 \u03ba\u03b1\u03c4\u03b1\u03bd\u03ac\u03bb\u03c9\u03c3\u03b7\u03c2 \u03c4\u03c9\u03bd \u03c5\u03b4\u03c1\u03bf\u03bc\u03ad\u03c4\u03c1\u03c9\u03bd \u03c4\u03c9\u03bd \u03ba\u03b1\u03c4\u03b1\u03bd\u03b1\u03bb\u03c9\u03c4\u03ce\u03bd \u03ba\u03b1\u03b9 \u03b7 \u03ad\u03ba\u03b4\u03bf\u03c3\u03b7 \u03bb\u03bf\u03b3\u03b1\u03c1\u03b9\u03b1\u03c3\u03bc\u03ce\u03bd.<\/p>\n<p>\u0397 \u03b5\u03c6\u03b1\u03c1\u03bc\u03bf\u03b3\u03ae \u03c4\u03c9\u03bd \u03b4\u03b9\u03b1\u03c4\u03ac\u03be\u03b5\u03c9\u03bd \u03c4\u03bf\u03c5 \u03ba\u03b1\u03bd\u03bf\u03bd\u03b9\u03c3\u03bc\u03bf\u03cd \u03cd\u03b4\u03c1\u03b5\u03c5\u03c3\u03b7\u03c2-\u03b1\u03c0\u03bf\u03c7\u03ad\u03c4\u03b5\u03c5\u03c3\u03b7\u03c2.<\/p>\n<p>\u0397 \u03b5\u03c0\u03b9\u03c3\u03ba\u03b5\u03c5\u03ae, \u03c3\u03c5\u03bd\u03c4\u03ae\u03c1\u03b7\u03c3\u03b7 \u03ba\u03b1\u03b9 \u03b1\u03c0\u03bf\u03ba\u03b1\u03c4\u03ac\u03c3\u03c4\u03b1\u03c3\u03b7 \u03c4\u03c9\u03bd \u03b2\u03b9\u03bf\u03bb\u03bf\u03b3\u03b9\u03ba\u03ce\u03bd \u03ba\u03b1\u03b8\u03b1\u03c1\u03b9\u03c3\u03bc\u03ce\u03bd \u03c4\u03bf\u03c5 \u0394\u03ae\u03bc\u03bf\u03c5 \u03a3\u03b5\u03c1\u03af\u03c6\u03bf\u03c5.<\/p>\n<p>\u0397 \u03b5\u03c0\u03bf\u03c0\u03c4\u03b5\u03af\u03b1 \u03c4\u03bf\u03c5 \u03bc\u03b7\u03c4\u03c1\u03ce\u03bf\u03c5 \u03ba\u03b1\u03c4\u03b1\u03bd\u03b1\u03bb\u03c9\u03c4\u03ce\u03bd \u03cd\u03b4\u03c1\u03b5\u03c5\u03c3\u03b7\u03c2-\u03b1\u03c0\u03bf\u03c7\u03ad\u03c4\u03b5\u03c5\u03c3\u03b7\u03c2.<\/p>\n<p>\u0397 \u03c3\u03c5\u03bd\u03c4\u03ae\u03c1\u03b7\u03c3\u03b7 \u03ba\u03b1\u03b9 \u03b5\u03c0\u03b9\u03c3\u03ba\u03b5\u03c5\u03ae \u03c4\u03c9\u03bd \u03bf\u03c7\u03b7\u03bc\u03ac\u03c4\u03c9\u03bd \u03ba\u03b1\u03b9 \u03bc\u03b7\u03c7\u03b1\u03bd\u03b7\u03bc\u03ac\u03c4\u03c9\u03bd \u03cd\u03b4\u03c1\u03b5\u03c5\u03c3\u03b7\u03c2-\u03b1\u03c0\u03bf\u03c7\u03ad\u03c4\u03b5\u03c5\u03c3\u03b7\u03c2.<\/p>\n<p>\u0397 \u03b4\u03b9\u03b5\u03bd\u03ad\u03c1\u03b3\u03b5\u03b9\u03b1 \u03b5\u03bb\u03ad\u03b3\u03c7\u03c9\u03bd \u03b3\u03b9\u03b1 \u03c4\u03b7\u03bd \u03cd\u03c0\u03b1\u03c1\u03be\u03b7 \u03ba\u03b1\u03b9 \u03c4\u03b7\u03bd \u03bf\u03c1\u03b8\u03ae \u03bb\u03b5\u03b9\u03c4\u03bf\u03c5\u03c1\u03b3\u03af\u03b1 \u03c4\u03c9\u03bd \u03b2\u03cc\u03b8\u03c1\u03c9\u03bd \u03c3\u03b5 \u03b1\u03ba\u03af\u03bd\u03b7\u03c4\u03b1 \u03c0\u03bf\u03c5 \u03b4\u03b5\u03bd \u03ad\u03c7\u03bf\u03c5\u03bd \u03c3\u03c5\u03bd\u03b4\u03b5\u03b8\u03b5\u03af \u03c3\u03c4\u03bf \u03b4\u03b7\u03bc\u03bf\u03c4\u03b9\u03ba\u03cc \u03b4\u03af\u03ba\u03c4\u03c5\u03bf \u03b1\u03c0\u03bf\u03c7\u03ad\u03c4\u03b5\u03c5\u03c3\u03b7\u03c2.<\/p>\n<p>\u039f \u03c4\u03b1\u03ba\u03c4\u03b9\u03ba\u03cc\u03c2 \u03c0\u03bf\u03b9\u03bf\u03c4\u03b9\u03ba\u03cc\u03c2 \u03ad\u03bb\u03b5\u03b3\u03c7\u03bf\u03c2 \u03c4\u03bf\u03c5 \u03c0\u03cc\u03c3\u03b9\u03bc\u03bf\u03c5 \u03cd\u03b4\u03b1\u03c4\u03bf\u03c2.<\/p>\n<p>\u0397 \u03b4\u03b9\u03b1\u03ba\u03bf\u03c0\u03ae \u03c5\u03b4\u03c1\u03bf\u03b4\u03cc\u03c4\u03b7\u03c3\u03b7\u03c2 \u03c3\u03c4\u03bf\u03c5\u03c2 \u03ba\u03b1\u03c4\u03b1\u03bd\u03b1\u03bb\u03c9\u03c4\u03ad\u03c2, \u03bb\u03cc\u03b3\u03c9 \u03bb\u03b7\u03be\u03b9\u03c0\u03c1\u03cc\u03b8\u03b5\u03c3\u03bc\u03c9\u03bd \u03bf\u03c6\u03b5\u03b9\u03bb\u03ce\u03bd, \u03bc\u03b5\u03c4\u03ac \u03b1\u03c0\u03cc \u03b5\u03bd\u03b7\u03bc\u03ad\u03c1\u03c9\u03c3\u03b7 \u03b1\u03c0\u03cc \u03c4\u03b7\u03bd \u03bf\u03b9\u03ba\u03bf\u03bd\u03bf\u03bc\u03b9\u03ba\u03ae \u03c5\u03c0\u03b7\u03c1\u03b5\u03c3\u03af\u03b1.<\/p>\n<p>&nbsp;<\/p>\n<p><strong>\u03a1\u03ce\u03c4\u03b1\u03c2 \u039d. \u0394\u03b7\u03bc\u03ae\u03c4\u03c1\u03b9\u03bf\u03c2<br \/>\n<\/strong><\/p>\n<p><strong>\u0393\u03b5\u03bd\u03bd\u03ae\u03b8\u03b7\u03ba\u03b5: 24\/05\/1988<br \/>\n<\/strong><\/p>\n<p>Dipl\u00f4m\u00e9:<\/p>\n<p>\u03a0\u03c4\u03c5\u03c7\u03b9\u03bf\u03cd\u03c7\u03bf\u03c2 \u03c4\u03bc\u03ae\u03bc\u03b1\u03c4\u03bf\u03c2 \u03b7\u03bb\u03b5\u03ba\u03c4\u03c1\u03bf\u03bb\u03bf\u03b3\u03b9\u03ba\u03ce\u03bd \u03b5\u03b3\u03ba\u03b1\u03c4\u03b1\u03c3\u03c4\u03ac\u03c3\u03b5\u03c9\u03bd \u03c4\u03bf\u03c5 \u03a4\u0395\u0395 \u03a3\u03b5\u03c1\u03af\u03c6\u03bf\u03c5.<\/p>\n<p>&nbsp;<\/p>\n<p><strong>Responsabilit\u00e9s:<\/strong><\/p>\n<p>\u0397 \u03a0\u03bf\u03bb\u03b9\u03c4\u03b9\u03ba\u03ae \u03a0\u03c1\u03bf\u03c3\u03c4\u03b1\u03c3\u03af\u03b1 \u03ba\u03b1\u03b9 \u03a0\u03c5\u03c1\u03b1\u03c3\u03c6\u03ac\u03bb\u03b5\u03b9\u03b1,<\/p>\n<p>La responsabilit\u00e9 de surveiller tous les espaces publics, le secteur du nettoyage, la collecte et la gestion des d\u00e9chets et la responsabilit\u00e9 de prendre des mesures dans les d\u00e9charges pour \u00e9viter les incendies.<\/p>\n<p>Le contr\u00f4le de l'application des dispositions, qui concernent les d\u00e9p\u00f4ts de mat\u00e9riaux de construction, les gravats et les travaux de construction sur les voies communales et les parties communes.<\/p>\n<p>&nbsp;<\/p>\n<p><strong>\u0391\u03bd\u03c4\u03c9\u03bd\u03ac\u03ba\u03b7\u03c2 \u039a. \u0394\u03b7\u03bc\u03ae\u03c4\u03c1\u03b9\u03bf\u03c2<\/strong><\/p>\n<p>\u0393\u03b5\u03bd\u03bd\u03ae\u03b8\u03b7\u03ba\u03b5: 09\/02\/1995<\/p>\n<p>Dipl\u00f4m\u00e9:<\/p>\n<p>\u03a0\u03c4\u03c5\u03c7\u03b9\u03bf\u03cd\u03c7\u03bf\u03c2 \u03c0\u03c1\u03bf\u03c0\u03bf\u03bd\u03b7\u03c4\u03ae\u03c2 \u0391\u03b8\u03bb\u03b7\u03bc\u03ac\u03c4\u03c9\u03bd \u03c4\u03bf\u03c5 \u0399\u0395\u039a \u0391\u039a\u039c\u0397.<\/p>\n<p>&nbsp;<\/p>\n<p>Responsabilit\u00e9s:<\/p>\n<p>\u0397 \u03b5\u03c0\u03af\u03b2\u03bb\u03b5\u03c8\u03b7 \u03c4\u03c9\u03bd \u03c4\u03bf\u03bc\u03ad\u03c9\u03bd \u03c4\u03b7\u03c2 \u03a0\u03b1\u03b9\u03b4\u03b5\u03af\u03b1\u03c2, \u03c4\u03bf\u03c5 \u0391\u03b8\u03bb\u03b7\u03c4\u03b9\u03c3\u03bc\u03bf\u03cd, \u03c4\u03bf\u03c5 \u0395\u03b8\u03b5\u03bb\u03bf\u03bd\u03c4\u03b9\u03c3\u03bc\u03bf\u03cd \u03ba\u03b1\u03b9 \u03a0\u03bf\u03bb\u03b9\u03c4\u03b9\u03c3\u03bc\u03bf\u03cd.<\/p>\n<p>&nbsp;<\/p>\n<p>&nbsp;<\/p>\n<p>&nbsp;<\/p>\n<h3><strong>Pr\u00e9sident du conseil municipal<\/strong><\/h3>\n<p><strong>\u03a1\u03ce\u03c4\u03b1 \u0391. \u0391\u03b9\u03ba\u03b1\u03c4\u03b5\u03c1\u03af\u03bd\u03b7<br \/>\n<\/strong><\/p>\n<p><strong>\u0393\u03b5\u03bd\u03bd\u03ae\u03b8\u03b7\u03ba\u03b5: 25\/11\/1969<br \/>\n<\/strong><\/p>\n<p>\u0391\u03c0\u03cc\u03c6\u03bf\u03b9\u03c4\u03b7:<\/p>\n<p>\u03a4\u03bc\u03b7\u03bc\u03ac\u03c4\u03c9\u03bd \u039b\u03bf\u03b3\u03b9\u03c3\u03c4\u03b9\u03ba\u03ae\u03c2 \u03c4\u03c9\u03bd \u0395\u03c1\u03b3\u03b1\u03c3\u03c4\u03b7\u03c1\u03af\u03c9\u03bd \u0395\u03bb\u03b5\u03c5\u03b8\u03ad\u03c1\u03c9\u03bd \u03a3\u03c0\u03bf\u03c5\u03b4\u03ce\u03bd &#8221; \u03a0\u03c1\u03bf\u03bc\u03b7\u03b8\u03ad\u03b1\u03c2&#8221; \u03ba\u03b1\u03b9 \u0399\u0395\u039a \u039e\u0399\u039d\u0397.<\/p>\n<p>&nbsp;<\/p>\n<p><strong>\u00a0<\/strong><\/p>\n<p>&nbsp;<\/p>\n<h3><strong>Conseil municipal<\/strong><\/h3>\n<ul>\n<li><strong>\u03a1\u03ce\u03c4\u03b1 \u0391. \u0391\u03b9\u03ba\u03b1\u03c4\u03b5\u03c1\u03af\u03bd\u03b7<\/strong>, pr\u00e9sident du conseil municipal<\/li>\n<li><strong>\u0393\u03bf\u03cd\u03bd\u03b1\u03c1\u03b7\u03c2 \u039a. \u0398\u03c9\u03bc\u03ac\u03c2<\/strong>, Vice-Pr\u00e9sident du Conseil Municipal<\/li>\n<li><strong>\u039c\u03bf\u03c5\u03c3\u03c4\u03ac\u03ba\u03b1\u03c2 \u03a0. \u039d\u03b9\u03ba\u03cc\u03bb\u03b1\u03bf\u03c2 <\/strong>\u0393\u03c1\u03b1\u03bc\u03bc\u03b1\u03c4\u03ad\u03b1\u03c2 \u0394\u03b7\u03bc\u03bf\u03c4\u03b9\u03ba\u03bf\u03cd \u03a3\u03c5\u03bc\u03b2\u03bf\u03c5\u03bb\u03af\u03bf\u03c5<\/li>\n<li><strong>\u039b\u03b9\u03b2\u03ac\u03bd\u03b9\u03bf\u03c2 \u039d. \u03a3\u03c4\u03c5\u03bb\u03b9\u03b1\u03bd\u03cc\u03c2,<\/strong> , D\u00e9put\u00e9 maire<\/li>\n<li><strong>\u039c\u03ac\u03bd\u03b1\u03bb\u03b7 \u0394. \u0392\u03b9\u03ba\u03c4\u03c9\u03c1\u03af\u03b1,<\/strong> , D\u00e9put\u00e9 maire<\/li>\n<li><strong>\u03a1\u03ce\u03c4\u03b1\u03c2 \u039d. \u0394\u03b7\u03bc\u03ae\u03c4\u03c1\u03b9\u03bf\u03c2,<\/strong> , D\u00e9put\u00e9 maire<\/li>\n<li><strong>\u0391\u03bd\u03c4\u03c9\u03bd\u03ac\u03ba\u03b7\u03c2 \u039a. \u0394\u03b7\u03bc\u03ae\u03c4\u03c1\u03b9\u03bf\u03c2,<\/strong> , D\u00e9put\u00e9 maire<\/li>\n<li><strong>\u03a1\u03b5\u03b2\u03af\u03bd\u03b8\u03b7\u03c2 \u039a. \u0395\u03c5\u03ac\u03b3\u03b3\u03b5\u03bb\u03bf\u03c2<\/strong><\/li>\n<li><strong>\u03a1\u03ac\u03bc\u03c0\u03b9\u03b1\u03c2 \u0399. \u03a3\u03ac\u03b2\u03b2\u03b1\u03c2<\/strong><\/li>\n<li><strong>\u0393\u03ba\u03b9\u03bf\u03bb\u03ad\u03c2 \u0392. \u0394\u03b7\u03bc\u03ae\u03c4\u03c1\u03b9\u03bf\u03c2<\/strong><\/li>\n<li><strong>\u039b\u03c5\u03bc\u03b2\u03b1\u03af\u03bf\u03c2 \u0391. \u0399\u03c9\u03ac\u03bd\u03bd\u03b7\u03c2<\/strong><\/li>\n<li><strong>\u03a3\u03b3\u03bf\u03c5\u03c1\u03b4\u03b1\u03af\u03bf\u03c5 \u0398. \u0391\u03b9\u03ba\u03b1\u03c4\u03b5\u03c1\u03af\u03bd\u03b7<br \/>\n<\/strong><\/li>\n<li><strong>\u03a3\u03b1\u03c1\u03b1\u03c6\u03af\u03b4\u03b7\u03c2 \u0398. \u039a\u03c9\u03bd\u03c3\u03c4\u03b1\u03bd\u03c4\u03af\u03bd\u03bf\u03c2<br \/>\n<\/strong><\/li>\n<\/ul>\n\n\t\t<\/div>\n\t<\/div>\n<div class=\"vc_empty_space\"   style=\"height: 32px\"><span class=\"vc_empty_space_inner\"><\/span><\/div><\/div><\/div><\/div><\/div>","protected":false},"excerpt":{"rendered":"\u03a3\u03c4\u03bf\u03b9\u03c7\u03b5\u03af\u03b1 \u03bc\u03b5\u03bb\u03ce\u03bd \u03b4\u03b7\u03bc\u03bf\u03c4\u03b9\u03ba\u03ae\u03c2 \u03b1\u03c1\u03c7\u03ae\u03c2 \u0394\u03ae\u03bc\u03b1\u03c1\u03c7\u03bf\u03c2 \u03a1\u03b5\u03b2\u03af\u03bd\u03b8\u03b7\u03c2 \u039a. \u039a\u03c9\u03bd\u03c3\u03c4\u03b1\u03bd\u03c4\u03af\u03bd\u03bf\u03c2 \u0393\u03b5\u03bd\u03bd\u03ae\u03b8\u03b7\u03ba\u03b5: 11\/09\/1991 \u0391\u03c0\u03cc\u03c6\u03bf\u03b9\u03c4\u03bf\u03c2: \u03a4\u03bc\u03ae\u03bc\u03b1\u03c4\u03bf\u03c2 \u0399\u03c3\u03c4\u03bf\u03c1\u03af\u03b1\u03c2 \u03ba\u03b1\u03b9 \u0391\u03c1\u03c7\u03b1\u03b9\u03bf\u03bb\u03bf\u03b3\u03af\u03b1\u03c2, \u0395\u03b8\u03bd\u03b9\u03ba\u03cc &amp; \u039a\u03b1\u03c0\u03bf\u03b4\u03b9\u03c3\u03c4\u03c1\u03b9\u03b1\u03ba\u03cc \u03a0\u03b1\u03bd\u03b5\u03c0\u03b9\u03c3\u03c4\u03ae\u03bc\u03b9\u03bf \u0391\u03b8\u03b7\u03bd\u03ce\u03bd. &nbsp; \u0391\u03bd\u03c4\u03b9\u03b4\u03ae\u03bc\u03b1\u03c1\u03c7\u03bf\u03b9 \u039b\u03b9\u03b2\u03ac\u03bd\u03b9\u03bf\u03c2 \u039d. \u03a3\u03c4\u03c5\u03bb\u03b9\u03b1\u03bd\u03cc\u03c2 \u0393\u03b5\u03bd\u03bd\u03ae\u03b8\u03b7\u03ba\u03b5: 30\/09\/1989 \u0391\u03c0\u03cc\u03c6\u03bf\u03b9\u03c4\u03bf\u03c2: \u03a4\u03bc\u03ae\u03bc\u03b1\u03c4\u03bf\u03c2 \u039f\u03b9\u03ba\u03bf\u03bd\u03bf\u03bc\u03b9\u03ba\u03ce\u03bd \u0395\u03c0\u03b9\u03c3\u03c4\u03b7\u03bc\u03ce\u03bd, \u0395\u03b8\u03bd\u03b9\u03ba\u03cc &amp; \u039a\u03b1\u03c0\u03bf\u03b4\u03b9\u03c3\u03c4\u03c1\u03b9\u03b1\u03ba\u03cc \u03a0\u03b1\u03bd\u03b5\u03c0\u03b9\u03c3\u03c4\u03ae\u03bc\u03b9\u03bf \u0391\u03b8\u03b7\u03bd\u03ce\u03bd. \u039c.\u03a0.\u03a3. \u03c3\u03c4\u03b7 \u039b\u03bf\u03b3\u03b9\u03c3\u03c4\u03b9\u03ba\u03ae &amp; \u03a7\u03c1\u03b7\u03bc\u03b1\u03c4\u03bf\u03bf\u03b9\u03ba\u03bf\u03bd\u03bf\u03bc\u03b9\u03ba\u03ae, \u039f\u03b9\u03ba\u03bf\u03bd\u03bf\u03bc\u03b9\u03ba\u03cc \u03a0\u03b1\u03bd\u03b5\u03c0\u03b9\u03c3\u03c4\u03ae\u03bc\u03b9\u03bf \u0391\u03b8\u03b7\u03bd\u03ce\u03bd. \u039c.\u03a0.\u03a3 \u03c3\u03c4\u03b7\u03bd \u039f\u03b9\u03ba\u03bf\u03bd\u03bf\u03bc\u03b9\u03ba\u03ae &amp; \u0395\u03c0\u03b9\u03c7\u03b5\u03b9\u03c1\u03b7\u03c3\u03b9\u03b1\u03ba\u03ae \u03a3\u03c4\u03c1\u03b1\u03c4\u03b7\u03b3\u03b9\u03ba\u03ae, \u03a0\u03b1\u03bd\u03b5\u03c0\u03b9\u03c3\u03c4\u03ae\u03bc\u03b9\u03bf \u03a0\u03b5\u03b9\u03c1\u03b1\u03b9\u03ce\u03c2. &nbsp; \u0391\u03c1\u03bc\u03bf\u03b4\u03b9\u03cc\u03c4\u03b7\u03c4\u03b5\u03c2: [...]","protected":false},"author":1,"featured_media":0,"parent":0,"menu_order":0,"comment_status":"closed","ping_status":"closed","template":"","meta":{"_monsterinsights_skip_tracking":false,"_monsterinsights_sitenote_active":false,"_monsterinsights_sitenote_note":"","_monsterinsights_sitenote_category":0,"footnotes":"","_links_to":"","_links_to_target":""},"class_list":["post-2770","page","type-page","status-publish","hentry"],"aioseo_notices":[],"_links":{"self":[{"href":"https:\/\/serifos.gr\/fr\/wp-json\/wp\/v2\/pages\/2770","targetHints":{"allow":["GET"]}}],"collection":[{"href":"https:\/\/serifos.gr\/fr\/wp-json\/wp\/v2\/pages"}],"about":[{"href":"https:\/\/serifos.gr\/fr\/wp-json\/wp\/v2\/types\/page"}],"author":[{"embeddable":true,"href":"https:\/\/serifos.gr\/fr\/wp-json\/wp\/v2\/users\/1"}],"replies":[{"embeddable":true,"href":"https:\/\/serifos.gr\/fr\/wp-json\/wp\/v2\/comments?post=2770"}],"version-history":[{"count":10,"href":"https:\/\/serifos.gr\/fr\/wp-json\/wp\/v2\/pages\/2770\/revisions"}],"predecessor-version":[{"id":7964,"href":"https:\/\/serifos.gr\/fr\/wp-json\/wp\/v2\/pages\/2770\/revisions\/7964"}],"wp:attachment":[{"href":"https:\/\/serifos.gr\/fr\/wp-json\/wp\/v2\/media?parent=2770"}],"curies":[{"name":"wp","href":"https:\/\/api.w.org\/{rel}","templated":true}]}}